{"id":7122,"date":"2023-08-21T09:57:07","date_gmt":"2023-08-21T08:57:07","guid":{"rendered":"https:\/\/parcpadarn.cymru\/polisi-preifatrwydd\/"},"modified":"2024-10-24T15:34:41","modified_gmt":"2024-10-24T14:34:41","slug":"polisi-preifatrwydd","status":"publish","type":"page","link":"https:\/\/parcpadarn.cymru\/cy\/polisi-preifatrwydd\/","title":{"rendered":"Polisi preifatrwydd"},"content":{"rendered":"\t\t<div data-elementor-type=\"wp-page\" data-elementor-id=\"7122\" class=\"elementor elementor-7122 elementor-330\" data-elementor-post-type=\"page\">\n\t\t\t\t<section class=\"elementor-element elementor-element-c02ab05 e-con-full e-flex e-con e-parent\" data-id=\"c02ab05\" data-element_type=\"container\" data-e-type=\"container\" id=\"content\" data-settings=\"{&quot;background_background&quot;:&quot;classic&quot;}\">\n\t\t<div class=\"elementor-element elementor-element-d520545 e-flex e-con-boxed e-con e-child\" data-id=\"d520545\" data-element_type=\"container\" data-e-type=\"container\">\n\t\t\t\t\t<div class=\"e-con-inner\">\n\t\t<div class=\"elementor-element elementor-element-a1fc31f e-flex e-con-boxed e-con e-child\" data-id=\"a1fc31f\" data-element_type=\"container\" data-e-type=\"container\">\n\t\t\t\t\t<div class=\"e-con-inner\">\n\t\t\t\t<div class=\"elementor-element elementor-element-6162f24 elementor-widget elementor-widget-heading\" data-id=\"6162f24\" data-element_type=\"widget\" data-e-type=\"widget\" data-widget_type=\"heading.default\">\n\t\t\t\t<div class=\"elementor-widget-container\">\n\t\t\t\t\t<h1 class=\"elementor-heading-title elementor-size-default\">Polisi preifatrwydd<\/h1>\t\t\t\t<\/div>\n\t\t\t\t<\/div>\n\t\t\t\t<div class=\"elementor-element elementor-element-f38bf6c elementor-widget elementor-widget-text-editor\" data-id=\"f38bf6c\" data-element_type=\"widget\" data-e-type=\"widget\" data-widget_type=\"text-editor.default\">\n\t\t\t\t<div class=\"elementor-widget-container\">\n\t\t\t\t\t\t\t\t\t<p>Diweddarwyd ddiwethaf ar 17-Mai-2024<\/p>\n<p>Dyddiad Dod i Rym 17-Mai-2024<\/p>\n\t\t\t\t\t\t\t\t<\/div>\n\t\t\t\t<\/div>\n\t\t\t\t\t<\/div>\n\t\t\t\t<\/div>\n\t\t\t\t\t<\/div>\n\t\t\t\t<\/div>\n\t\t\t\t<\/section>\n\t\t<section class=\"elementor-element elementor-element-38b12c1 e-con-full e-flex e-con e-parent\" data-id=\"38b12c1\" data-element_type=\"container\" data-e-type=\"container\">\n\t\t<div class=\"elementor-element elementor-element-79914ff e-flex e-con-boxed e-con e-child\" data-id=\"79914ff\" data-element_type=\"container\" data-e-type=\"container\">\n\t\t\t\t\t<div class=\"e-con-inner\">\n\t\t<div class=\"elementor-element elementor-element-74374e6 e-flex e-con-boxed e-con e-child\" data-id=\"74374e6\" data-element_type=\"container\" data-e-type=\"container\">\n\t\t\t\t\t<div class=\"e-con-inner\">\n\t\t\t\t<div class=\"elementor-element elementor-element-64b5217 privacy-policy policy-section elementor-widget elementor-widget-html\" data-id=\"64b5217\" data-element_type=\"widget\" data-e-type=\"widget\" data-widget_type=\"html.default\">\n\t\t\t\t<div class=\"elementor-widget-container\">\n\t\t\t\t\t\n<p class=\"privacy-policy-p\"> Mae'r Polisi Preifatrwydd hwn yn disgrifio polis\u00efau Parc Gwledig Padarn, Llanberis, Ysbyty'r Chwarel, Llanberis, Caernarfon, Gwynedd LL55 4TY, Teyrnas Unedig Prydain Fawr a Gogledd Iwerddon, e-bost: parcgwledigpadarn@gwynedd.llyw.cymru, ff\u00f4n: 01286870892 ar gasglu, defnyddio a datgelu eich gwybodaeth rydym yn ei chasglu pan fyddwch yn defnyddio ein gwefan (https:\/\/parcpadarn.cymru). (y \u201cGwasanaeth\u201d). Drwy gyrchu neu ddefnyddio'r Gwasanaeth, rydych yn caniat\u00e1u i'ch gwybodaeth gael ei chasglu, ei defnyddio a'i datgelu yn unol \u00e2\u2019r Polisi Preifatrwydd hwn. Os nad ydych yn caniat\u00e1u hyn, peidiwch \u00e2 chyrchu neu ddefnyddio'r Gwasanaeth os gwelwch yn dda. <\/p>\n\n<p class=\"privacy-policy-p\"> Efallai y byddwn yn addasu'r Polisi Preifatrwydd hwn ar unrhyw adeg heb roi unrhyw rybudd ymlaen llaw i chi a bydd y Polisi Preifatrwydd diwygiedig yn cael ei rannu ar y Gwasanaeth. Bydd y Polisi diwygiedig yn dod i rym 180 diwrnod o'r adeg y caiff y Polisi diwygiedig ei rannu ar y Gwasanaeth a thrwy barhau i gyrchu neu ddefnyddio'r Gwasanaeth ar \u00f4l cyfnod o'r fath, bydd yn gyfystyr \u00e2'ch bod yn derbyn y Polisi Preifatrwydd diwygiedig. Rydym felly'n argymell eich bod yn adolygu'r dudalen hon yn achlysurol. <\/p>\n\n<ol class=\"privacy-policy-ol\">\n        <li>\n        <h2 class=\"privacy-policy-h2\"> Gwybodaeth Rydym yn ei Chasglu: <\/h2>\n\n        \n        <p class=\"privacy-policy-p\"> Byddwn yn casglu a phrosesu'r wybodaeth ganlynol amdanoch: <\/p>\n        <ol class=\"privacy-policy-ol\">\n\n                        <li>Enw<\/li>\n            \n                        <li>E-bost<\/li>\n            \n            \n            \n            \n            \n            \n                        \n                                    \n        <\/ol>\n        \n\n        \n\n    <\/li>\n\n    \n    \n\n        <li>\n        <h2 class=\"privacy-policy-h2\"> Sut Rydym yn Defnyddio eich Gwybodaeth: <\/h2>\n        <p class=\"privacy-policy-p\"> Byddwn yn defnyddio'r wybodaeth sy'n cael ei chasglu amdanoch chi at y dibenion canlynol: <\/p>\n        <ol class=\"privacy-policy-ol\">\n\n            \n            \n            \n                        <li>Casglu adborth cwsmeriaid<\/li>\n            \n            \n            \n            \n            \n            \n            \n            \n            \n            \n            \n        <\/ol>\n        <p class=\"privacy-policy-p\"> Byddwn yn gofyn eich caniat\u00e2d cyn defnyddio eich gwybodaeth at unrhyw ddiben arall, a dim ond ar \u00f4l cael eich caniat\u00e2d y byddwn yn defnyddio eich gwybodaeth at y diben(ion) hynny'n unig y rhoddwyd y caniat\u00e2d, oni bai bod gofyn i ni wneud fel arall yn \u00f4l y gyfraith. <\/p>\n    <\/li>\n    \n    \n    <li>\n        <h2 class=\"privacy-policy-h2\"> Sut Rydym yn Rhannu Eich Gwybodaeth: <\/h2>\n\n\n                <p class=\"privacy-policy-p\"> Ni fyddwn yn trosglwyddo eich gwybodaeth bersonol i unrhyw drydydd parti heb eich caniat\u00e2d, ac eithrio dan rai amgylchiadau a ddisgrifir isod: <\/p>\n        <ol class=\"privacy-policy-ol\">\n                        <li>Gwasanaeth Hysbysebu<\/li>\n            \n            \n            \n            \n                        <li>Dadansoddeg<\/li>\n            \n            \n                    <\/ol>\n        \n        <p class=\"privacy-policy-p\"> Mae gofyn i drydydd part\u00efon o'r fath ddefnyddio'r wybodaeth bersonol rydym yn ei throsglwyddo iddynt i'r diben y cafodd ei throsglwyddo'n unig ac i beidio \u00e2'i chadw'n hirach nag sy'n ofynnol ar gyfer cyflawni'r diben hwnnw. <\/p>\n        <p class=\"privacy-policy-p\"> Efallai y byddwn hefyd yn datgelu eich gwybodaeth bersonol ar gyfer y canlynol: (1) i gydymffurfio \u00e2 chyfraith, rheoliad, gorchymyn llys neu broses gyfreithiol arall; (2) i orfodi eich cytundebau gyda ni, gan gynnwys y Polisi Preifatrwydd hwn; neu (3) i ymateb i honiadau bod eich defnydd o'r Gwasanaeth yn troseddu yn erbyn unrhyw hawliau trydydd parti. Os bydd y Gwasanaeth neu ein cwmni'n cyfuno \u00e2 chwmni arall, neu'n cael eu caffael, bydd eich gwybodaeth yn un o'r asedau a drosglwyddir i'r perchennog newydd. <\/p>\n    <\/li>\n    \n\n        <li>\n        <h2 class=\"privacy-policy-h2\"> Cadw Eich Gwybodaeth: <\/h2>\n        <p class=\"privacy-policy-p\"> Byddwn yn cadw eich gwybodaeth bersonol am gyfnod amhenodol neu gyhyd ag sydd ei hangen arnom i gyflawni\u2019r dibenion y cafodd ei chasglu ar eu cyfer fel y manylir yn y Polisi Preifatrwydd hwn. Efallai y bydd angen i ni gadw gwybodaeth benodol am gyfnodau hwy, megis ar gyfer cadw cofnodion \/ adrodd yn unol \u00e2 chyfraith berthnasol neu am resymau dilys eraill fel gorfodaeth hawliau cyfreithiol, atal twyll, etc. Gall gwybodaeth ddienw weddilliol a gwybodaeth gyfunol, nad yw'r un ohonynt yn eich adnabod (yn uniongyrchol neu'n anuniongyrchol), gael eu storio am gyfnod amhenodol. <\/p>\n    <\/li>\n    \n    <li>\n        <h2 class=\"privacy-policy-h2\"> Eich Hawliau: <\/h2>\n        <p class=\"privacy-policy-p\"> Yn dibynnu ar y gyfraith sy'n berthnasol, efallai bydd gennych hawl i gyrchu a chywiro neu ddileu eich data personol neu gael copi o'ch data personol, gwrthwynebu i'ch data gael ei brosesu'n weithredol, neu gyfyngu ar hynny, gofyn i ni rannu eich gwybodaeth bersonol i adran arall, tynnu'n \u00f4l unrhyw ganiat\u00e2d a roesoch i ni i brosesu eich data, hawl i gyflwyno cwyn gerbron awdurdod statudol a hawliau eraill o'r fath a all fod yn berthnasol o dan gyfreithiau perthnasol. I weithredu ar yr hawliau hyn, cysylltwch \u00e2 ni drwy e-bost ar parcgwledigpadarn@gwynedd.llyw.cymru. Byddwn yn ymateb i'ch cais yn unol \u00e2 chyfraith berthnasol. <\/p>\n\n        \n        <p class=\"privacy-policy-p\"> Sylwch, os nad ydych chi'n caniat\u00e1u i ni gasglu neu brosesu'r wybodaeth bersonol angenrheidiol neu'n tynnu'r caniat\u00e2d yn \u00f4l i brosesu'r uchod at y dibenion gofynnol, efallai na fydd modd i chi gyrchu neu ddefnyddio'r gwasanaethau y cafodd eich gwybodaeth ei cheisio ar eu cyfer. <\/p>\n    <\/li>\n        <li>\n        <h2 class=\"privacy-policy-h2\"> Cwcis Etc. <\/h2>\n        <p class=\"privacy-policy-p\"> I ddysgu rhagor ynghylch y ffordd rydym yn defnyddio'r rhain a'ch dewisiadau o ran y technolegau olrhain hyn, cyfeiriwch at ein <a href=\"https:\/\/parcpadarn.cymru\/cy\/polisi-cwcis\/\">Polisi Cwcis<\/a>.\n        <\/p>\n    <\/li>\n    \n    <li>\n        <h2 class=\"privacy-policy-h2\"> Diogelwch: <\/h2>\n        <p class=\"privacy-policy-p\"> Mae diogelwch eich gwybodaeth yn bwysig i ni a byddwn yn defnyddio mesurau diogelwch rhesymol i atal eich gwybodaeth sydd dan ein rheolaeth rhag cael ei cholli, ei chamddefnyddio neu ei haddasu heb awdurdod. Fodd bynnag, o ystyried y risgiau cynhenid, ni allwn warantu diogelwch llwyr, ac o ganlyniad, ni allwn sicrhau na gwarantu diogelwch unrhyw wybodaeth rydych chi\u2019n ei throsglwyddo i ni a byddwch yn gwneud hynny ar eich perwyl eich hun. <\/p>\n    <\/li>\n\n        <li>\n        <h2 class=\"privacy-policy-h2\"> Cysylltiadau Trydydd Parti a Defnydd o'ch Gwybodaeth: <\/h2>\n        <p class=\"privacy-policy-p\"> Gall ein Gwasanaeth gynnwys dolenni i wefannau eraill nad ydynt yn cael eu gweithredu gennym ni. Nid yw'r Polisi Preifatrwydd hwn yn ymdrin \u00e2 pholisi preifatrwydd ac arferion eraill unrhyw drydydd parti, yn cynnwys unrhyw drydydd parti sy'n gweithredu unrhyw wefan neu wasanaeth a all fod yn hygyrch drwy ddolen ar y Gwasanaeth. Rydym yn cynghori'n gryf eich bod yn adolygu polisi preifatrwydd bob gwefan rydych yn ymweld \u00e2 hi. Nid oes gennym unrhyw reolaeth dros gynnwys, polis\u00efau preifatrwydd nac arferion unrhyw safle neu wasanaeth trydydd parti, ac nid ydym yn honni unrhyw gyfrifoldeb drostynt ychwaith. <\/p>\n    <\/li>\n    \n    <li>\n        <h2 class=\"privacy-policy-h2\"> Cwynion \/ Swyddog Diogelu Data: <\/h2>\n        <p class=\"privacy-policy-p\"> Os oes gennych unrhyw ymholiadau neu bryderon ynghylch prosesu eich gwybodaeth sydd ar gael gyda ni, mae modd i chi anfon e-bost at Swyddog Cwynion Parc Gwledig Padarn, Llanberis, Ysbyty'r Chwarel, Llanberis, Caernarfon, e-bost: parcgwledigpadarn@gwynedd.llyw.cymru. Byddwn yn ymateb i'ch pryderon yn unol \u00e2'r gyfraith berthnasol. <\/p>\n    <\/li>\n<\/ol>\n<br>\n<p class=\"privacy-policy-p\"> Polisi Preifatrwydd wedi'i greu gyda <a class=\"color-orange\" target=\"_blank\" href=\"https:\/\/www.cookieyes.com\/?utm_source=PP&amp;utm_medium=footer&amp;utm_campaign=UW\">CookieYes<\/a>. <\/p>\t\t\t\t<\/div>\n\t\t\t\t<\/div>\n\t\t\t\t\t<\/div>\n\t\t\t\t<\/div>\n\t\t\t\t\t<\/div>\n\t\t\t\t<\/div>\n\t\t\t\t<\/section>\n\t\t\t\t<\/div>\n\t\t","protected":false},"excerpt":{"rendered":"<p>Diweddarwyd ddiwethaf ar 17-Mai-2024 Dyddiad Dod i Rym 17-Mai-2024 Mae&#8217;r Polisi Preifatrwydd hwn yn disgrifio polis\u00efau Parc Gwledig Padarn, Llanberis, Ysbyty&#8217;r Chwarel, Llanberis, Caernarfon, Gwynedd LL55 4TY, Teyrnas Unedig Prydain Fawr a Gogledd Iwerddon, e-bost: parcgwledigpadarn@gwynedd.llyw.cymru, ff\u00f4n: 01286870892 ar gasglu, defnyddio a datgelu eich gwybodaeth rydym yn ei chasglu pan fyddwch yn defnyddio ein gwefan [&hellip;]<\/p>\n","protected":false},"author":16,"featured_media":6947,"parent":0,"menu_order":0,"comment_status":"closed","ping_status":"closed","template":"elementor_header_footer","meta":{"footnotes":""},"class_list":["post-7122","page","type-page","status-publish","has-post-thumbnail","hentry"],"yoast_head":"<!-- This site is optimized with the Yoast SEO plugin v27.5 - https:\/\/yoast.com\/product\/yoast-seo-wordpress\/ -->\n<title>Polisi preifatrwydd - Parc Padarn<\/title>\n<meta name=\"description\" content=\"Parc Padarn: Polisi preifatrwydd\" \/>\n<meta name=\"robots\" content=\"index, follow, max-snippet:-1, max-image-preview:large, max-video-preview:-1\" \/>\n<link rel=\"canonical\" href=\"https:\/\/parcpadarn.cymru\/cy\/polisi-preifatrwydd\/\" \/>\n<meta property=\"og:locale\" content=\"cy_GB\" \/>\n<meta property=\"og:type\" content=\"article\" \/>\n<meta property=\"og:title\" content=\"Polisi preifatrwydd - Parc Padarn\" \/>\n<meta property=\"og:description\" content=\"Parc Padarn: Polisi preifatrwydd\" \/>\n<meta property=\"og:url\" content=\"https:\/\/parcpadarn.cymru\/cy\/polisi-preifatrwydd\/\" \/>\n<meta property=\"og:site_name\" content=\"Parc Padarn\" \/>\n<meta property=\"article:publisher\" content=\"https:\/\/www.facebook.com\/parcglynllifon\/?locale=en_GB\" \/>\n<meta property=\"article:modified_time\" content=\"2024-10-24T14:34:41+00:00\" \/>\n<meta property=\"og:image\" content=\"https:\/\/parcpadarn.cymru\/wp-content\/uploads\/2024\/07\/PP-35-1.jpg\" \/>\n\t<meta property=\"og:image:width\" content=\"1920\" \/>\n\t<meta property=\"og:image:height\" content=\"1277\" \/>\n\t<meta property=\"og:image:type\" content=\"image\/jpeg\" \/>\n<meta name=\"twitter:card\" content=\"summary_large_image\" \/>\n<meta name=\"twitter:label1\" content=\"Est. reading time\" \/>\n\t<meta name=\"twitter:data1\" content=\"5 minutes\" \/>\n<script type=\"application\/ld+json\" class=\"yoast-schema-graph\">{\"@context\":\"https:\\\/\\\/schema.org\",\"@graph\":[{\"@type\":\"WebPage\",\"@id\":\"https:\\\/\\\/parcpadarn.cymru\\\/cy\\\/polisi-preifatrwydd\\\/\",\"url\":\"https:\\\/\\\/parcpadarn.cymru\\\/cy\\\/polisi-preifatrwydd\\\/\",\"name\":\"Polisi preifatrwydd - Parc Padarn\",\"isPartOf\":{\"@id\":\"https:\\\/\\\/parcpadarn.cymru\\\/cy\\\/#website\"},\"primaryImageOfPage\":{\"@id\":\"https:\\\/\\\/parcpadarn.cymru\\\/cy\\\/polisi-preifatrwydd\\\/#primaryimage\"},\"image\":{\"@id\":\"https:\\\/\\\/parcpadarn.cymru\\\/cy\\\/polisi-preifatrwydd\\\/#primaryimage\"},\"thumbnailUrl\":\"https:\\\/\\\/parcpadarn.cymru\\\/wp-content\\\/uploads\\\/2024\\\/07\\\/PP-35-1.jpg\",\"datePublished\":\"2023-08-21T08:57:07+00:00\",\"dateModified\":\"2024-10-24T14:34:41+00:00\",\"description\":\"Parc Padarn: Polisi preifatrwydd\",\"breadcrumb\":{\"@id\":\"https:\\\/\\\/parcpadarn.cymru\\\/cy\\\/polisi-preifatrwydd\\\/#breadcrumb\"},\"inLanguage\":\"cy-GB\",\"potentialAction\":[{\"@type\":\"ReadAction\",\"target\":[\"https:\\\/\\\/parcpadarn.cymru\\\/cy\\\/polisi-preifatrwydd\\\/\"]}]},{\"@type\":\"ImageObject\",\"inLanguage\":\"cy-GB\",\"@id\":\"https:\\\/\\\/parcpadarn.cymru\\\/cy\\\/polisi-preifatrwydd\\\/#primaryimage\",\"url\":\"https:\\\/\\\/parcpadarn.cymru\\\/wp-content\\\/uploads\\\/2024\\\/07\\\/PP-35-1.jpg\",\"contentUrl\":\"https:\\\/\\\/parcpadarn.cymru\\\/wp-content\\\/uploads\\\/2024\\\/07\\\/PP-35-1.jpg\",\"width\":1920,\"height\":1277},{\"@type\":\"BreadcrumbList\",\"@id\":\"https:\\\/\\\/parcpadarn.cymru\\\/cy\\\/polisi-preifatrwydd\\\/#breadcrumb\",\"itemListElement\":[{\"@type\":\"ListItem\",\"position\":1,\"name\":\"Home\",\"item\":\"https:\\\/\\\/parcpadarn.cymru\\\/cy\\\/hafan\\\/\"},{\"@type\":\"ListItem\",\"position\":2,\"name\":\"Polisi preifatrwydd\"}]},{\"@type\":\"WebSite\",\"@id\":\"https:\\\/\\\/parcpadarn.cymru\\\/cy\\\/#website\",\"url\":\"https:\\\/\\\/parcpadarn.cymru\\\/cy\\\/\",\"name\":\"Parc Padarn\",\"description\":\"\",\"publisher\":{\"@id\":\"https:\\\/\\\/parcpadarn.cymru\\\/cy\\\/#organization\"},\"potentialAction\":[{\"@type\":\"SearchAction\",\"target\":{\"@type\":\"EntryPoint\",\"urlTemplate\":\"https:\\\/\\\/parcpadarn.cymru\\\/cy\\\/?s={search_term_string}\"},\"query-input\":{\"@type\":\"PropertyValueSpecification\",\"valueRequired\":true,\"valueName\":\"search_term_string\"}}],\"inLanguage\":\"cy-GB\"},{\"@type\":\"Organization\",\"@id\":\"https:\\\/\\\/parcpadarn.cymru\\\/cy\\\/#organization\",\"name\":\"Parc Glynllifon\",\"url\":\"https:\\\/\\\/parcpadarn.cymru\\\/cy\\\/\",\"logo\":{\"@type\":\"ImageObject\",\"inLanguage\":\"cy-GB\",\"@id\":\"https:\\\/\\\/parcpadarn.cymru\\\/cy\\\/#\\\/schema\\\/logo\\\/image\\\/\",\"url\":\"https:\\\/\\\/parcpadarn.cymru\\\/wp-content\\\/uploads\\\/2024\\\/05\\\/parcpadarn_logo_blue.svg\",\"contentUrl\":\"https:\\\/\\\/parcpadarn.cymru\\\/wp-content\\\/uploads\\\/2024\\\/05\\\/parcpadarn_logo_blue.svg\",\"width\":1000,\"height\":1000,\"caption\":\"Parc Glynllifon\"},\"image\":{\"@id\":\"https:\\\/\\\/parcpadarn.cymru\\\/cy\\\/#\\\/schema\\\/logo\\\/image\\\/\"},\"sameAs\":[\"https:\\\/\\\/www.facebook.com\\\/parcglynllifon\\\/?locale=en_GB\",\"https:\\\/\\\/www.instagram.com\\\/parcglynllifon\\\/?hl=en-gb\"]}]}<\/script>\n<!-- \/ Yoast SEO plugin. -->","yoast_head_json":{"title":"Polisi preifatrwydd - Parc Padarn","description":"Parc Padarn: Polisi preifatrwydd","robots":{"index":"index","follow":"follow","max-snippet":"max-snippet:-1","max-image-preview":"max-image-preview:large","max-video-preview":"max-video-preview:-1"},"canonical":"https:\/\/parcpadarn.cymru\/cy\/polisi-preifatrwydd\/","og_locale":"cy_GB","og_type":"article","og_title":"Polisi preifatrwydd - Parc Padarn","og_description":"Parc Padarn: Polisi preifatrwydd","og_url":"https:\/\/parcpadarn.cymru\/cy\/polisi-preifatrwydd\/","og_site_name":"Parc Padarn","article_publisher":"https:\/\/www.facebook.com\/parcglynllifon\/?locale=en_GB","article_modified_time":"2024-10-24T14:34:41+00:00","og_image":[{"width":1920,"height":1277,"url":"https:\/\/parcpadarn.cymru\/wp-content\/uploads\/2024\/07\/PP-35-1.jpg","type":"image\/jpeg"}],"twitter_card":"summary_large_image","twitter_misc":{"Est. reading time":"5 minutes"},"schema":{"@context":"https:\/\/schema.org","@graph":[{"@type":"WebPage","@id":"https:\/\/parcpadarn.cymru\/cy\/polisi-preifatrwydd\/","url":"https:\/\/parcpadarn.cymru\/cy\/polisi-preifatrwydd\/","name":"Polisi preifatrwydd - Parc Padarn","isPartOf":{"@id":"https:\/\/parcpadarn.cymru\/cy\/#website"},"primaryImageOfPage":{"@id":"https:\/\/parcpadarn.cymru\/cy\/polisi-preifatrwydd\/#primaryimage"},"image":{"@id":"https:\/\/parcpadarn.cymru\/cy\/polisi-preifatrwydd\/#primaryimage"},"thumbnailUrl":"https:\/\/parcpadarn.cymru\/wp-content\/uploads\/2024\/07\/PP-35-1.jpg","datePublished":"2023-08-21T08:57:07+00:00","dateModified":"2024-10-24T14:34:41+00:00","description":"Parc Padarn: Polisi preifatrwydd","breadcrumb":{"@id":"https:\/\/parcpadarn.cymru\/cy\/polisi-preifatrwydd\/#breadcrumb"},"inLanguage":"cy-GB","potentialAction":[{"@type":"ReadAction","target":["https:\/\/parcpadarn.cymru\/cy\/polisi-preifatrwydd\/"]}]},{"@type":"ImageObject","inLanguage":"cy-GB","@id":"https:\/\/parcpadarn.cymru\/cy\/polisi-preifatrwydd\/#primaryimage","url":"https:\/\/parcpadarn.cymru\/wp-content\/uploads\/2024\/07\/PP-35-1.jpg","contentUrl":"https:\/\/parcpadarn.cymru\/wp-content\/uploads\/2024\/07\/PP-35-1.jpg","width":1920,"height":1277},{"@type":"BreadcrumbList","@id":"https:\/\/parcpadarn.cymru\/cy\/polisi-preifatrwydd\/#breadcrumb","itemListElement":[{"@type":"ListItem","position":1,"name":"Home","item":"https:\/\/parcpadarn.cymru\/cy\/hafan\/"},{"@type":"ListItem","position":2,"name":"Polisi preifatrwydd"}]},{"@type":"WebSite","@id":"https:\/\/parcpadarn.cymru\/cy\/#website","url":"https:\/\/parcpadarn.cymru\/cy\/","name":"Parc Padarn","description":"","publisher":{"@id":"https:\/\/parcpadarn.cymru\/cy\/#organization"},"potentialAction":[{"@type":"SearchAction","target":{"@type":"EntryPoint","urlTemplate":"https:\/\/parcpadarn.cymru\/cy\/?s={search_term_string}"},"query-input":{"@type":"PropertyValueSpecification","valueRequired":true,"valueName":"search_term_string"}}],"inLanguage":"cy-GB"},{"@type":"Organization","@id":"https:\/\/parcpadarn.cymru\/cy\/#organization","name":"Parc Glynllifon","url":"https:\/\/parcpadarn.cymru\/cy\/","logo":{"@type":"ImageObject","inLanguage":"cy-GB","@id":"https:\/\/parcpadarn.cymru\/cy\/#\/schema\/logo\/image\/","url":"https:\/\/parcpadarn.cymru\/wp-content\/uploads\/2024\/05\/parcpadarn_logo_blue.svg","contentUrl":"https:\/\/parcpadarn.cymru\/wp-content\/uploads\/2024\/05\/parcpadarn_logo_blue.svg","width":1000,"height":1000,"caption":"Parc Glynllifon"},"image":{"@id":"https:\/\/parcpadarn.cymru\/cy\/#\/schema\/logo\/image\/"},"sameAs":["https:\/\/www.facebook.com\/parcglynllifon\/?locale=en_GB","https:\/\/www.instagram.com\/parcglynllifon\/?hl=en-gb"]}]}},"_links":{"self":[{"href":"https:\/\/parcpadarn.cymru\/cy\/wp-json\/wp\/v2\/pages\/7122","targetHints":{"allow":["GET"]}}],"collection":[{"href":"https:\/\/parcpadarn.cymru\/cy\/wp-json\/wp\/v2\/pages"}],"about":[{"href":"https:\/\/parcpadarn.cymru\/cy\/wp-json\/wp\/v2\/types\/page"}],"author":[{"embeddable":true,"href":"https:\/\/parcpadarn.cymru\/cy\/wp-json\/wp\/v2\/users\/16"}],"replies":[{"embeddable":true,"href":"https:\/\/parcpadarn.cymru\/cy\/wp-json\/wp\/v2\/comments?post=7122"}],"version-history":[{"count":3,"href":"https:\/\/parcpadarn.cymru\/cy\/wp-json\/wp\/v2\/pages\/7122\/revisions"}],"predecessor-version":[{"id":7209,"href":"https:\/\/parcpadarn.cymru\/cy\/wp-json\/wp\/v2\/pages\/7122\/revisions\/7209"}],"wp:featuredmedia":[{"embeddable":true,"href":"https:\/\/parcpadarn.cymru\/cy\/wp-json\/wp\/v2\/media\/6947"}],"wp:attachment":[{"href":"https:\/\/parcpadarn.cymru\/cy\/wp-json\/wp\/v2\/media?parent=7122"}],"curies":[{"name":"wp","href":"https:\/\/api.w.org\/{rel}","templated":true}]}}