{"id":7124,"date":"2023-11-21T15:19:36","date_gmt":"2023-11-21T15:19:36","guid":{"rendered":"https:\/\/parcpadarn.cymru\/polisi-cwcis\/"},"modified":"2024-10-24T15:34:14","modified_gmt":"2024-10-24T14:34:14","slug":"polisi-cwcis","status":"publish","type":"page","link":"https:\/\/parcpadarn.cymru\/cy\/polisi-cwcis\/","title":{"rendered":"Polisi Cwcis"},"content":{"rendered":"\t\t<div data-elementor-type=\"wp-page\" data-elementor-id=\"7124\" class=\"elementor elementor-7124 elementor-4051\" data-elementor-post-type=\"page\">\n\t\t\t\t<main class=\"elementor-element elementor-element-162aee9 e-con-full e-flex e-con e-parent\" data-id=\"162aee9\" data-element_type=\"container\" data-e-type=\"container\">\n\t\t<section class=\"elementor-element elementor-element-3cb5f60 e-con-full e-flex e-con e-child\" data-id=\"3cb5f60\" data-element_type=\"container\" data-e-type=\"container\" data-settings=\"{&quot;background_background&quot;:&quot;classic&quot;}\">\n\t\t<div class=\"elementor-element elementor-element-497a14b e-flex e-con-boxed e-con e-child\" data-id=\"497a14b\" data-element_type=\"container\" data-e-type=\"container\">\n\t\t\t\t\t<div class=\"e-con-inner\">\n\t\t<div class=\"elementor-element elementor-element-ce7c277 e-flex e-con-boxed e-con e-child\" data-id=\"ce7c277\" data-element_type=\"container\" data-e-type=\"container\">\n\t\t\t\t\t<div class=\"e-con-inner\">\n\t\t\t\t<div class=\"elementor-element elementor-element-6b4a13d elementor-widget elementor-widget-heading\" data-id=\"6b4a13d\" data-element_type=\"widget\" data-e-type=\"widget\" data-widget_type=\"heading.default\">\n\t\t\t\t<div class=\"elementor-widget-container\">\n\t\t\t\t\t<h1 class=\"elementor-heading-title elementor-size-default\">Polisi Cwcis<\/h1>\t\t\t\t<\/div>\n\t\t\t\t<\/div>\n\t\t\t\t\t<\/div>\n\t\t\t\t<\/div>\n\t\t\t\t\t<\/div>\n\t\t\t\t<\/div>\n\t\t\t\t<\/section>\n\t\t<section class=\"elementor-element elementor-element-5407de7 e-con-full e-flex e-con e-child\" data-id=\"5407de7\" data-element_type=\"container\" data-e-type=\"container\">\n\t\t<div class=\"elementor-element elementor-element-4af7643 e-flex e-con-boxed e-con e-child\" data-id=\"4af7643\" data-element_type=\"container\" data-e-type=\"container\">\n\t\t\t\t\t<div class=\"e-con-inner\">\n\t\t<div class=\"elementor-element elementor-element-d768bb9 e-flex e-con-boxed e-con e-child\" data-id=\"d768bb9\" data-element_type=\"container\" data-e-type=\"container\">\n\t\t\t\t\t<div class=\"e-con-inner\">\n\t\t\t\t<div class=\"elementor-element elementor-element-c41abeb cookie-policy policy-section elementor-widget elementor-widget-html\" data-id=\"c41abeb\" data-element_type=\"widget\" data-e-type=\"widget\" data-widget_type=\"html.default\">\n\t\t\t\t<div class=\"elementor-widget-container\">\n\t\t\t\t\t<style>\n    a.cky-banner-element {\n        padding: 8px 30px;\n        background: #F8F9FA;\n        color: #858A8F;\n        border: 1px solid #DEE2E6;\n        box-sizing: border-box;\n        border-radius: 2px;\n        cursor: pointer;\n}\n<\/style>\n<p> Dyddiad dod i rym: 17-Mai-2024<br>Diweddarwyd Ddiwethaf: 17-Mai-2024 <\/p>\n\n&nbsp;\n<h2>Beth yw cwcis?<\/h2>\n<div class=\"cookie-policy-p\"><p>Mae'r Polisi Cwcis hwn yn egluro beth yw cwcis a sut rydym yn eu defnyddio, y mathau o gwcis rydym yn eu defnyddio h.y, y wybodaeth rydym yn ei chasglu drwy ddefnyddio cwcis a sut y caiff y wybodaeth honno ei defnyddio, a sut i reoli'r gosodiadau cwcis.<\/p> <p>Ffeiliau testun bychain yw cwcis a ddefnyddir i storio pytiau o wybodaeth. C\u00e2nt eu storio ar eich dyfais pan gaiff y wefan ei llwytho ar eich porwr. Mae'r cwcis hyn yn ein helpu ni i wneud y wefan weithio'n iawn, ei gwneud yn fwy diogel, cynnig gwell profiad i'r defnyddiwr, a deall sut mae'r wefan yn perfformio ac i ddadansoddi beth sy'n gweithio a beth sydd angen ei wella.<\/p><\/div>\n\n&nbsp;\n<h2>Sut ydym yn defnyddio cwcis?<\/h2>\n<div class=\"cookie-policy-p\"><p>Fel y mwyafrif o wasanaethau ar-lein, mae ein gwefan yn defnyddio cwcis parti cyntaf a thrydydd parti at sawl diben. Mae cwcis parti cyntaf yn angenrheidiol i'r wefan weithio'n briodol yn bennaf, ac nid ydynt yn casglu unrhyw ddata personol adnabyddadwy.<\/p> <p>Yn bennaf, mae'r cwcis trydydd parti a ddefnyddir ar ein gwefan ar gyfer deall sut mae'r wefan yn perfformio, sut rydych yn rhyngweithio gyda'n gwefan, cadw ein gwasanaethau'n ddiogel, darparu hysbysebion sy'n berthnasol i chi, ac ar y cyfan, darparu gwell profiad defnyddiwr i chi a'ch helpu i gyflymu eich rhyngweithiadau gyda'n gwefan yn y dyfodol.<\/p><\/div>\n\n&nbsp;\n    <h2>Mathau o Gwcis rydym yn eu defnyddio<\/h2>\n\n    <div class=\"cky-audit-table-element\"><\/div>\n\n&nbsp;\n    <h2 style=\"margin-bottom:20px;\">Rheoli dewisiadau cwcis<\/h2>\n\n    <a class=\"cky-banner-element\">Gosodiadau Cwcis<\/a> <br>\n\n    <div style=\"margin-top: 20px\"><p>Mae modd i chi newid eich dewisiadau cwcis unrhyw bryd drwy glicio'r botwm uchod. Bydd hyn yn eich galluogi i ail-ymweld \u00e2'r faner caniat\u00e2d cwcis a newid eich dewisiadau neu dynnu eich caniat\u00e2d yn \u00f4l ar unwaith. <\/p> <p>Yn ogystal \u00e2 hyn, mae gwahanol borwyr yn darparu gwahanol ddulliau i atal neu ddileu cwcis a ddefnyddir gan wefannau. Mae modd i chi newid gosodiadau eich porwr er mwyn atal neu ddileu'r cwcis. Gweler isod y dolenni i'r dogfennau cymorth ar sut i reoli a dileu cwcis o brif borwyr y we.<\/p> <p>Chrome: <a class=\"color-orange\" href=\"https:\/\/support.google.com\/accounts\/answer\/32050\" target=\"_blank\">https:\/\/support.google.com\/accounts\/answer\/32050<\/a><\/p><p>Safari: <a class=\"color-orange\" href=\"https:\/\/support.apple.com\/en-in\/guide\/safari\/sfri11471\/mac\" target=\"_blank\">https:\/\/support.apple.com\/en-in\/guide\/safari\/sfri11471\/mac<\/a><\/p><p>Firefox: <a class=\"color-orange\" href=\"https:\/\/support.mozilla.org\/en-US\/kb\/clear-cookies-and-site-data-firefox?redirectslug=delete-cookies-remove-info-websites-stored&amp;redirectlocale=en-US\" target=\"_blank\">https:\/\/support.mozilla.org\/en-US\/kb\/clear-cookies-and-site-data-firefox?redirectslug=delete-cookies-remove-info-websites-stored&amp;redirectlocale=en-US<\/a><\/p><p>Internet Explorer: <a class=\"color-orange\" href=\"https:\/\/support.microsoft.com\/en-us\/topic\/how-to-delete-cookie-files-in-internet-explorer-bca9446f-d873-78de-77ba-d42645fa52fc\" target=\"_blank\">https:\/\/support.microsoft.com\/en-us\/topic\/how-to-delete-cookie-files-in-internet-explorer-bca9446f-d873-78de-77ba-d42645fa52fc<\/a><\/p><p>Os ydych yn defnyddio unrhyw borwr gwe arall, darllenwch ddogfennau cymorth swyddogol eich porwr.<\/p><\/div>\n\n\n&nbsp;\n<p class=\"cookie-policy-p\"> Polisi Cwcis wedi'i Greu Gan <a class=\"color-orange\" target=\"_blank\" href=\"https:\/\/www.cookieyes.com\/?utm_source=CP&amp;utm_medium=footer&amp;utm_campaign=UW\">Gynhyrchydd Polisi Cwcis - CookieYes<\/a>. <\/p>\t\t\t\t<\/div>\n\t\t\t\t<\/div>\n\t\t\t\t<div class=\"elementor-element elementor-element-03c9102 elementor-widget-divider--view-line elementor-widget elementor-widget-divider\" data-id=\"03c9102\" data-element_type=\"widget\" data-e-type=\"widget\" data-widget_type=\"divider.default\">\n\t\t\t\t<div class=\"elementor-widget-container\">\n\t\t\t\t\t\t\t<div class=\"elementor-divider\">\n\t\t\t<span class=\"elementor-divider-separator\">\n\t\t\t\t\t\t<\/span>\n\t\t<\/div>\n\t\t\t\t\t\t<\/div>\n\t\t\t\t<\/div>\n\t\t\t\t\t<\/div>\n\t\t\t\t<\/div>\n\t\t\t\t\t<\/div>\n\t\t\t\t<\/div>\n\t\t\t\t<\/section>\n\t\t\t\t<\/main>\n\t\t\t\t<\/div>\n\t\t","protected":false},"excerpt":{"rendered":"<p>Dyddiad dod i rym: 17-Mai-2024Diweddarwyd Ddiwethaf: 17-Mai-2024 &nbsp; Beth yw cwcis? Mae&#8217;r Polisi Cwcis hwn yn egluro beth yw cwcis a sut rydym yn eu defnyddio, y mathau o gwcis rydym yn eu defnyddio h.y, y wybodaeth rydym yn ei chasglu drwy ddefnyddio cwcis a sut y caiff y wybodaeth honno ei defnyddio, a sut [&hellip;]<\/p>\n","protected":false},"author":16,"featured_media":6947,"parent":0,"menu_order":0,"comment_status":"closed","ping_status":"closed","template":"elementor_header_footer","meta":{"footnotes":""},"class_list":["post-7124","page","type-page","status-publish","has-post-thumbnail","hentry"],"yoast_head":"<!-- This site is optimized with the Yoast SEO plugin v27.5 - https:\/\/yoast.com\/product\/yoast-seo-wordpress\/ -->\n<title>Parc Padarn - Ein Polisi Cwcis<\/title>\n<meta name=\"description\" content=\"Mae&#039;r Polisi Cwcis hwn yn egluro beth yw cwcis a sut rydym yn eu defnyddio, y mathau o gwcis rydym yn eu defnyddio a sut i reoli&#039;r gosodiadau cwcis.\" \/>\n<meta name=\"robots\" content=\"index, follow, max-snippet:-1, max-image-preview:large, max-video-preview:-1\" \/>\n<link rel=\"canonical\" href=\"https:\/\/parcpadarn.cymru\/cy\/polisi-cwcis\/\" \/>\n<meta property=\"og:locale\" content=\"cy_GB\" \/>\n<meta property=\"og:type\" content=\"article\" \/>\n<meta property=\"og:title\" content=\"Parc Padarn - Ein Polisi Cwcis\" \/>\n<meta property=\"og:description\" content=\"Mae&#039;r Polisi Cwcis hwn yn egluro beth yw cwcis a sut rydym yn eu defnyddio, y mathau o gwcis rydym yn eu defnyddio a sut i reoli&#039;r gosodiadau cwcis.\" \/>\n<meta property=\"og:url\" content=\"https:\/\/parcpadarn.cymru\/cy\/polisi-cwcis\/\" \/>\n<meta property=\"og:site_name\" content=\"Parc Padarn\" \/>\n<meta property=\"article:publisher\" content=\"https:\/\/www.facebook.com\/parcglynllifon\/?locale=en_GB\" \/>\n<meta property=\"article:modified_time\" content=\"2024-10-24T14:34:14+00:00\" \/>\n<meta property=\"og:image\" content=\"https:\/\/parcpadarn.cymru\/wp-content\/uploads\/2024\/07\/PP-35-1.jpg\" \/>\n\t<meta property=\"og:image:width\" content=\"1920\" \/>\n\t<meta property=\"og:image:height\" content=\"1277\" \/>\n\t<meta property=\"og:image:type\" content=\"image\/jpeg\" \/>\n<meta name=\"twitter:card\" content=\"summary_large_image\" \/>\n<meta name=\"twitter:label1\" content=\"Est. reading time\" \/>\n\t<meta name=\"twitter:data1\" content=\"2 minutes\" \/>\n<script type=\"application\/ld+json\" class=\"yoast-schema-graph\">{\"@context\":\"https:\\\/\\\/schema.org\",\"@graph\":[{\"@type\":\"WebPage\",\"@id\":\"https:\\\/\\\/parcpadarn.cymru\\\/cy\\\/polisi-cwcis\\\/\",\"url\":\"https:\\\/\\\/parcpadarn.cymru\\\/cy\\\/polisi-cwcis\\\/\",\"name\":\"Parc Padarn - Ein Polisi Cwcis\",\"isPartOf\":{\"@id\":\"https:\\\/\\\/parcpadarn.cymru\\\/cy\\\/#website\"},\"primaryImageOfPage\":{\"@id\":\"https:\\\/\\\/parcpadarn.cymru\\\/cy\\\/polisi-cwcis\\\/#primaryimage\"},\"image\":{\"@id\":\"https:\\\/\\\/parcpadarn.cymru\\\/cy\\\/polisi-cwcis\\\/#primaryimage\"},\"thumbnailUrl\":\"https:\\\/\\\/parcpadarn.cymru\\\/wp-content\\\/uploads\\\/2024\\\/07\\\/PP-35-1.jpg\",\"datePublished\":\"2023-11-21T15:19:36+00:00\",\"dateModified\":\"2024-10-24T14:34:14+00:00\",\"description\":\"Mae'r Polisi Cwcis hwn yn egluro beth yw cwcis a sut rydym yn eu defnyddio, y mathau o gwcis rydym yn eu defnyddio a sut i reoli'r gosodiadau cwcis.\",\"breadcrumb\":{\"@id\":\"https:\\\/\\\/parcpadarn.cymru\\\/cy\\\/polisi-cwcis\\\/#breadcrumb\"},\"inLanguage\":\"cy-GB\",\"potentialAction\":[{\"@type\":\"ReadAction\",\"target\":[\"https:\\\/\\\/parcpadarn.cymru\\\/cy\\\/polisi-cwcis\\\/\"]}]},{\"@type\":\"ImageObject\",\"inLanguage\":\"cy-GB\",\"@id\":\"https:\\\/\\\/parcpadarn.cymru\\\/cy\\\/polisi-cwcis\\\/#primaryimage\",\"url\":\"https:\\\/\\\/parcpadarn.cymru\\\/wp-content\\\/uploads\\\/2024\\\/07\\\/PP-35-1.jpg\",\"contentUrl\":\"https:\\\/\\\/parcpadarn.cymru\\\/wp-content\\\/uploads\\\/2024\\\/07\\\/PP-35-1.jpg\",\"width\":1920,\"height\":1277},{\"@type\":\"BreadcrumbList\",\"@id\":\"https:\\\/\\\/parcpadarn.cymru\\\/cy\\\/polisi-cwcis\\\/#breadcrumb\",\"itemListElement\":[{\"@type\":\"ListItem\",\"position\":1,\"name\":\"Home\",\"item\":\"https:\\\/\\\/parcpadarn.cymru\\\/cy\\\/hafan\\\/\"},{\"@type\":\"ListItem\",\"position\":2,\"name\":\"Polisi Cwcis\"}]},{\"@type\":\"WebSite\",\"@id\":\"https:\\\/\\\/parcpadarn.cymru\\\/cy\\\/#website\",\"url\":\"https:\\\/\\\/parcpadarn.cymru\\\/cy\\\/\",\"name\":\"Parc Padarn\",\"description\":\"\",\"publisher\":{\"@id\":\"https:\\\/\\\/parcpadarn.cymru\\\/cy\\\/#organization\"},\"potentialAction\":[{\"@type\":\"SearchAction\",\"target\":{\"@type\":\"EntryPoint\",\"urlTemplate\":\"https:\\\/\\\/parcpadarn.cymru\\\/cy\\\/?s={search_term_string}\"},\"query-input\":{\"@type\":\"PropertyValueSpecification\",\"valueRequired\":true,\"valueName\":\"search_term_string\"}}],\"inLanguage\":\"cy-GB\"},{\"@type\":\"Organization\",\"@id\":\"https:\\\/\\\/parcpadarn.cymru\\\/cy\\\/#organization\",\"name\":\"Parc Glynllifon\",\"url\":\"https:\\\/\\\/parcpadarn.cymru\\\/cy\\\/\",\"logo\":{\"@type\":\"ImageObject\",\"inLanguage\":\"cy-GB\",\"@id\":\"https:\\\/\\\/parcpadarn.cymru\\\/cy\\\/#\\\/schema\\\/logo\\\/image\\\/\",\"url\":\"https:\\\/\\\/parcpadarn.cymru\\\/wp-content\\\/uploads\\\/2024\\\/05\\\/parcpadarn_logo_blue.svg\",\"contentUrl\":\"https:\\\/\\\/parcpadarn.cymru\\\/wp-content\\\/uploads\\\/2024\\\/05\\\/parcpadarn_logo_blue.svg\",\"width\":1000,\"height\":1000,\"caption\":\"Parc Glynllifon\"},\"image\":{\"@id\":\"https:\\\/\\\/parcpadarn.cymru\\\/cy\\\/#\\\/schema\\\/logo\\\/image\\\/\"},\"sameAs\":[\"https:\\\/\\\/www.facebook.com\\\/parcglynllifon\\\/?locale=en_GB\",\"https:\\\/\\\/www.instagram.com\\\/parcglynllifon\\\/?hl=en-gb\"]}]}<\/script>\n<!-- \/ Yoast SEO plugin. -->","yoast_head_json":{"title":"Parc Padarn - Ein Polisi Cwcis","description":"Mae'r Polisi Cwcis hwn yn egluro beth yw cwcis a sut rydym yn eu defnyddio, y mathau o gwcis rydym yn eu defnyddio a sut i reoli'r gosodiadau cwcis.","robots":{"index":"index","follow":"follow","max-snippet":"max-snippet:-1","max-image-preview":"max-image-preview:large","max-video-preview":"max-video-preview:-1"},"canonical":"https:\/\/parcpadarn.cymru\/cy\/polisi-cwcis\/","og_locale":"cy_GB","og_type":"article","og_title":"Parc Padarn - Ein Polisi Cwcis","og_description":"Mae'r Polisi Cwcis hwn yn egluro beth yw cwcis a sut rydym yn eu defnyddio, y mathau o gwcis rydym yn eu defnyddio a sut i reoli'r gosodiadau cwcis.","og_url":"https:\/\/parcpadarn.cymru\/cy\/polisi-cwcis\/","og_site_name":"Parc Padarn","article_publisher":"https:\/\/www.facebook.com\/parcglynllifon\/?locale=en_GB","article_modified_time":"2024-10-24T14:34:14+00:00","og_image":[{"width":1920,"height":1277,"url":"https:\/\/parcpadarn.cymru\/wp-content\/uploads\/2024\/07\/PP-35-1.jpg","type":"image\/jpeg"}],"twitter_card":"summary_large_image","twitter_misc":{"Est. reading time":"2 minutes"},"schema":{"@context":"https:\/\/schema.org","@graph":[{"@type":"WebPage","@id":"https:\/\/parcpadarn.cymru\/cy\/polisi-cwcis\/","url":"https:\/\/parcpadarn.cymru\/cy\/polisi-cwcis\/","name":"Parc Padarn - Ein Polisi Cwcis","isPartOf":{"@id":"https:\/\/parcpadarn.cymru\/cy\/#website"},"primaryImageOfPage":{"@id":"https:\/\/parcpadarn.cymru\/cy\/polisi-cwcis\/#primaryimage"},"image":{"@id":"https:\/\/parcpadarn.cymru\/cy\/polisi-cwcis\/#primaryimage"},"thumbnailUrl":"https:\/\/parcpadarn.cymru\/wp-content\/uploads\/2024\/07\/PP-35-1.jpg","datePublished":"2023-11-21T15:19:36+00:00","dateModified":"2024-10-24T14:34:14+00:00","description":"Mae'r Polisi Cwcis hwn yn egluro beth yw cwcis a sut rydym yn eu defnyddio, y mathau o gwcis rydym yn eu defnyddio a sut i reoli'r gosodiadau cwcis.","breadcrumb":{"@id":"https:\/\/parcpadarn.cymru\/cy\/polisi-cwcis\/#breadcrumb"},"inLanguage":"cy-GB","potentialAction":[{"@type":"ReadAction","target":["https:\/\/parcpadarn.cymru\/cy\/polisi-cwcis\/"]}]},{"@type":"ImageObject","inLanguage":"cy-GB","@id":"https:\/\/parcpadarn.cymru\/cy\/polisi-cwcis\/#primaryimage","url":"https:\/\/parcpadarn.cymru\/wp-content\/uploads\/2024\/07\/PP-35-1.jpg","contentUrl":"https:\/\/parcpadarn.cymru\/wp-content\/uploads\/2024\/07\/PP-35-1.jpg","width":1920,"height":1277},{"@type":"BreadcrumbList","@id":"https:\/\/parcpadarn.cymru\/cy\/polisi-cwcis\/#breadcrumb","itemListElement":[{"@type":"ListItem","position":1,"name":"Home","item":"https:\/\/parcpadarn.cymru\/cy\/hafan\/"},{"@type":"ListItem","position":2,"name":"Polisi Cwcis"}]},{"@type":"WebSite","@id":"https:\/\/parcpadarn.cymru\/cy\/#website","url":"https:\/\/parcpadarn.cymru\/cy\/","name":"Parc Padarn","description":"","publisher":{"@id":"https:\/\/parcpadarn.cymru\/cy\/#organization"},"potentialAction":[{"@type":"SearchAction","target":{"@type":"EntryPoint","urlTemplate":"https:\/\/parcpadarn.cymru\/cy\/?s={search_term_string}"},"query-input":{"@type":"PropertyValueSpecification","valueRequired":true,"valueName":"search_term_string"}}],"inLanguage":"cy-GB"},{"@type":"Organization","@id":"https:\/\/parcpadarn.cymru\/cy\/#organization","name":"Parc Glynllifon","url":"https:\/\/parcpadarn.cymru\/cy\/","logo":{"@type":"ImageObject","inLanguage":"cy-GB","@id":"https:\/\/parcpadarn.cymru\/cy\/#\/schema\/logo\/image\/","url":"https:\/\/parcpadarn.cymru\/wp-content\/uploads\/2024\/05\/parcpadarn_logo_blue.svg","contentUrl":"https:\/\/parcpadarn.cymru\/wp-content\/uploads\/2024\/05\/parcpadarn_logo_blue.svg","width":1000,"height":1000,"caption":"Parc Glynllifon"},"image":{"@id":"https:\/\/parcpadarn.cymru\/cy\/#\/schema\/logo\/image\/"},"sameAs":["https:\/\/www.facebook.com\/parcglynllifon\/?locale=en_GB","https:\/\/www.instagram.com\/parcglynllifon\/?hl=en-gb"]}]}},"_links":{"self":[{"href":"https:\/\/parcpadarn.cymru\/cy\/wp-json\/wp\/v2\/pages\/7124","targetHints":{"allow":["GET"]}}],"collection":[{"href":"https:\/\/parcpadarn.cymru\/cy\/wp-json\/wp\/v2\/pages"}],"about":[{"href":"https:\/\/parcpadarn.cymru\/cy\/wp-json\/wp\/v2\/types\/page"}],"author":[{"embeddable":true,"href":"https:\/\/parcpadarn.cymru\/cy\/wp-json\/wp\/v2\/users\/16"}],"replies":[{"embeddable":true,"href":"https:\/\/parcpadarn.cymru\/cy\/wp-json\/wp\/v2\/comments?post=7124"}],"version-history":[{"count":4,"href":"https:\/\/parcpadarn.cymru\/cy\/wp-json\/wp\/v2\/pages\/7124\/revisions"}],"predecessor-version":[{"id":7568,"href":"https:\/\/parcpadarn.cymru\/cy\/wp-json\/wp\/v2\/pages\/7124\/revisions\/7568"}],"wp:featuredmedia":[{"embeddable":true,"href":"https:\/\/parcpadarn.cymru\/cy\/wp-json\/wp\/v2\/media\/6947"}],"wp:attachment":[{"href":"https:\/\/parcpadarn.cymru\/cy\/wp-json\/wp\/v2\/media?parent=7124"}],"curies":[{"name":"wp","href":"https:\/\/api.w.org\/{rel}","templated":true}]}}